{"id":83,"date":"2024-12-27T19:23:46","date_gmt":"2024-12-27T18:23:46","guid":{"rendered":"http:\/\/clept-clone2-2024.local\/?page_id=83"},"modified":"2025-06-16T22:21:41","modified_gmt":"2025-06-16T20:21:41","slug":"presentation-generale","status":"publish","type":"page","link":"https:\/\/leclept.fr\/index.php\/presentation-generale\/","title":{"rendered":"Pr\u00e9sentation g\u00e9n\u00e9rale"},"content":{"rendered":"\n<p>Ouvert en 2000, le <strong>CL\u00c9PT<\/strong> est un \u00e9tablissement exp\u00e9rimental \u00e9litaire pour tous de l\u2019\u00c9ducation Nationale, destin\u00e9 aux d\u00e9croch\u00e9s \/ d\u00e9crocheurs.<br><br><\/p>\n\n\n\n<div class=\"wp-block-group is-nowrap is-layout-flex wp-container-core-group-is-layout-ad2f72ca wp-block-group-is-layout-flex\"><\/div>\n\n\n\n<div class=\"ghostkit-grid ghostkit-grid-gap-md ghostkit-custom-1z5IAl\"><div class=\"ghostkit-grid-inner\">\n<div class=\"ghostkit-col ghostkit-col-md-12 ghostkit-col-6\"><div class=\"ghostkit-col-content is-layout-flow wp-block-ghostkit-grid-column-is-layout-flow\">\n<div class=\"wp-block-group ghostkit-custom-2kKc1v wp-container-content-958eb9dc\"><div class=\"wp-block-group__inner-container is-layout-constrained wp-block-group-is-layout-constrained\">\n<h6 class=\"wp-block-heading\" id=\"elitaire-pour-tous\"><em><strong>\u00ab Elitaire pour tous \u00bb<\/strong><\/em><\/h6>\n\n\n\n<p>Car il propose \u00e0 tous, quelle que soit son histoire scolaire, des enseignements exigeants et \u00e9mancipateurs, habituellement r\u00e9serv\u00e9s \u00e0 une \u00e9lite.<\/p>\n<\/div><\/div>\n<\/div><\/div>\n\n\n\n<div class=\"ghostkit-col ghostkit-col-md-12 ghostkit-col-6\"><div class=\"ghostkit-col-content is-layout-flow wp-block-ghostkit-grid-column-is-layout-flow\">\n<h6 class=\"wp-block-heading\" id=\"experimental\"><em><strong>\u00ab Exp\u00e9rimental \u00bb<\/strong><\/em><\/h6>\n\n\n\n<p>Car il propose une autre organisation, d\u00e9rogatoire, aux savoirs, aux apprentissages et aux enseignants.<\/p>\n<\/div><\/div>\n<\/div><\/div>\n\n\n\n<p class=\"ghostkit-custom-1oM7pU has-large-font-size\"><strong>Nos principes et pratiques<\/strong> <\/p>\n\n\n\n<p><strong>Des<\/strong> <strong>objectifs scolaires ambitieux pour tous<\/strong>\u00a0: les savoirs disciplinaires dispens\u00e9s s\u2019inscrivent dans les programmes officiels de l\u2019\u00c9ducation Nationale\u00a0; des pratiques transdisciplinaires pour donner plus de sens aux enseignements\u00a0; une initiation \u00e0 la philosophie \u00e0 tous les niveaux visant \u00e0 les armer pour penser le monde au lieu de le subir.<\/p>\n\n\n\n<p><strong>Un<\/strong> <strong>accompagnement<\/strong> <strong>\u00e9ducatif<\/strong> privil\u00e9giant l&rsquo;\u00e9coute et le dialogue\u00a0; un apprentissage de l&rsquo;autonomie et une valorisation de la solidarit\u00e9.<\/p>\n\n\n\n<p><strong>Des ateliers<\/strong> <strong>culturels et \u00e9ducatifs<\/strong> (architecture, photographie, th\u00e9\u00e2tre, chant, danse contemporaine, arts visuels, cin\u00e9ma du r\u00e9el), lieux de fr\u00e9quentation de savoirs\u00a0\u00ab\u00a0hors \u00e9cole\u00a0\u00bb, au contact de professionnels non enseignants.<\/p>\n\n\n\n<p><strong>Une<\/strong> <strong>relation<\/strong> professeur\/\u00e9l\u00e8ve co-construite sur l&rsquo;exigence et la consid\u00e9ration.<br><\/p>\n\n\n\n<p><\/p>\n\n\n\n<figure class=\"wp-block-pullquote has-background has-large-font-size\" style=\"background-color:#fffecf\"><blockquote><p>L\u2019objectif, c\u2019est la r\u00e9ussite de tous et de chacun.<\/p><\/blockquote><\/figure>\n","protected":false},"excerpt":{"rendered":"<p>Ouvert en 2000, le CL\u00c9PT est un \u00e9tablissement exp\u00e9rimental \u00e9litaire pour tous de l\u2019\u00c9ducation Nationale, destin\u00e9 aux d\u00e9croch\u00e9s \/ d\u00e9crocheurs. &hellip; <a href=\"https:\/\/leclept.fr\/index.php\/presentation-generale\/\" class=\"more-link\">Continue reading <span class=\"screen-reader-text\">Pr\u00e9sentation g\u00e9n\u00e9rale<\/span><\/a><\/p>\n","protected":false},"author":1,"featured_media":0,"parent":0,"menu_order":0,"comment_status":"closed","ping_status":"closed","template":"","meta":{"ghostkit_customizer_options":"","ghostkit_custom_css":"","ghostkit_custom_js_head":"","ghostkit_custom_js_foot":"","ghostkit_typography":"{\"body\":{\"fontFamily\":\"\",\"fontFamilyCategory\":\"default\",\"fontSize\":\"\",\"fontWeight\":\"\",\"lineHeight\":\"\",\"letterSpacing\":\"\",\"label\":\"Body\",\"childOf\":\"\"},\"buttons\":{\"fontFamily\":\"\",\"fontFamilyCategory\":\"default\",\"fontSize\":\"\",\"fontWeight\":\"\",\"lineHeight\":\"\",\"letterSpacing\":\"\",\"label\":\"Buttons\",\"childOf\":\"\"},\"headings\":{\"fontFamily\":\"\",\"fontFamilyCategory\":\"default\",\"fontWeight\":\"\",\"lineHeight\":\"\",\"letterSpacing\":\"\",\"label\":\"Headings\",\"childOf\":\"\"},\"h1\":{\"fontSize\":\"\",\"lineHeight\":\"\",\"letterSpacing\":\"\",\"label\":\"H1\",\"childOf\":\"headings\"},\"h2\":{\"fontSize\":\"\",\"lineHeight\":\"\",\"letterSpacing\":\"\",\"label\":\"H2\",\"childOf\":\"headings\"},\"h3\":{\"fontSize\":\"\",\"lineHeight\":\"\",\"letterSpacing\":\"\",\"label\":\"H3\",\"childOf\":\"headings\"},\"h4\":{\"fontSize\":\"\",\"lineHeight\":\"\",\"letterSpacing\":\"\",\"label\":\"H4\",\"childOf\":\"headings\"},\"h5\":{\"fontSize\":\"\",\"lineHeight\":\"\",\"letterSpacing\":\"\",\"label\":\"H5\",\"childOf\":\"headings\"},\"h6\":{\"fontSize\":\"\",\"lineHeight\":\"\",\"letterSpacing\":\"\",\"label\":\"H6\",\"childOf\":\"headings\"}}","footnotes":""},"class_list":["post-83","page","type-page","status-publish","hentry"],"_links":{"self":[{"href":"https:\/\/leclept.fr\/index.php\/wp-json\/wp\/v2\/pages\/83","targetHints":{"allow":["GET"]}}],"collection":[{"href":"https:\/\/leclept.fr\/index.php\/wp-json\/wp\/v2\/pages"}],"about":[{"href":"https:\/\/leclept.fr\/index.php\/wp-json\/wp\/v2\/types\/page"}],"author":[{"embeddable":true,"href":"https:\/\/leclept.fr\/index.php\/wp-json\/wp\/v2\/users\/1"}],"replies":[{"embeddable":true,"href":"https:\/\/leclept.fr\/index.php\/wp-json\/wp\/v2\/comments?post=83"}],"version-history":[{"count":29,"href":"https:\/\/leclept.fr\/index.php\/wp-json\/wp\/v2\/pages\/83\/revisions"}],"predecessor-version":[{"id":721,"href":"https:\/\/leclept.fr\/index.php\/wp-json\/wp\/v2\/pages\/83\/revisions\/721"}],"wp:attachment":[{"href":"https:\/\/leclept.fr\/index.php\/wp-json\/wp\/v2\/media?parent=83"}],"curies":[{"name":"wp","href":"https:\/\/api.w.org\/{rel}","templated":true}]}}