{"id":748,"date":"2025-10-02T18:33:29","date_gmt":"2025-10-02T16:33:29","guid":{"rendered":"https:\/\/leclept.fr\/?page_id=748"},"modified":"2025-10-02T21:48:51","modified_gmt":"2025-10-02T19:48:51","slug":"mentions-legales","status":"publish","type":"page","link":"https:\/\/leclept.fr\/index.php\/mentions-legales\/","title":{"rendered":"Mentions l\u00e9gales"},"content":{"rendered":"\n<p><strong>Site \u00e9dit\u00e9 par le Clept&nbsp;<\/strong>&#8211; 6 Av. Marcelin Berthelot, 38100 Grenoble &#8211; T\u00e9l\u00e9phone : 04 76 22 69 09<\/p>\n\n\n\n<p><strong>Directeur de la publication&nbsp;:<\/strong> Vincent Dobremez<\/p>\n\n\n\n<p><strong>H\u00e9bergement&nbsp;:<\/strong> Ce site est h\u00e9berg\u00e9 par OVH SAS &#8211; 2 rue Kellermann &#8211; 59100 Roubaix &#8211; France<\/p>\n\n\n\n<p><strong>Conception :<\/strong> WordPress &#8211; Th\u00e8me : inspir\u00e9 de Shapely by Colorlib<\/p>\n","protected":false},"excerpt":{"rendered":"<p>Site \u00e9dit\u00e9 par le Clept&nbsp;&#8211; 6 Av. Marcelin Berthelot, 38100 Grenoble &#8211; T\u00e9l\u00e9phone : 04 76 22 69 09 Directeur &hellip; <a href=\"https:\/\/leclept.fr\/index.php\/mentions-legales\/\" class=\"more-link\">Continue reading <span class=\"screen-reader-text\">Mentions l\u00e9gales<\/span><\/a><\/p>\n","protected":false},"author":1,"featured_media":0,"parent":0,"menu_order":0,"comment_status":"closed","ping_status":"closed","template":"","meta":{"ghostkit_customizer_options":"","ghostkit_custom_css":"","ghostkit_custom_js_head":"","ghostkit_custom_js_foot":"","ghostkit_typography":"","footnotes":""},"class_list":["post-748","page","type-page","status-publish","hentry"],"_links":{"self":[{"href":"https:\/\/leclept.fr\/index.php\/wp-json\/wp\/v2\/pages\/748","targetHints":{"allow":["GET"]}}],"collection":[{"href":"https:\/\/leclept.fr\/index.php\/wp-json\/wp\/v2\/pages"}],"about":[{"href":"https:\/\/leclept.fr\/index.php\/wp-json\/wp\/v2\/types\/page"}],"author":[{"embeddable":true,"href":"https:\/\/leclept.fr\/index.php\/wp-json\/wp\/v2\/users\/1"}],"replies":[{"embeddable":true,"href":"https:\/\/leclept.fr\/index.php\/wp-json\/wp\/v2\/comments?post=748"}],"version-history":[{"count":2,"href":"https:\/\/leclept.fr\/index.php\/wp-json\/wp\/v2\/pages\/748\/revisions"}],"predecessor-version":[{"id":750,"href":"https:\/\/leclept.fr\/index.php\/wp-json\/wp\/v2\/pages\/748\/revisions\/750"}],"wp:attachment":[{"href":"https:\/\/leclept.fr\/index.php\/wp-json\/wp\/v2\/media?parent=748"}],"curies":[{"name":"wp","href":"https:\/\/api.w.org\/{rel}","templated":true}]}}